{"id":76,"date":"2021-03-15T19:45:11","date_gmt":"2021-03-15T19:45:11","guid":{"rendered":"https:\/\/www.galerierenegagnon.com\/?page_id=76"},"modified":"2021-05-03T17:31:07","modified_gmt":"2021-05-03T17:31:07","slug":"jean-dallaire","status":"publish","type":"page","link":"https:\/\/www.galerierenegagnon.com\/?page_id=76","title":{"rendered":"Jean Dallaire"},"content":{"rendered":"\n<p><\/p>\n\n\n\n<div class=\"wp-block-image\"><figure class=\"alignleft size-large is-resized\"><img loading=\"lazy\" decoding=\"async\" src=\"https:\/\/www.galerierenegagnon.com\/wp-content\/uploads\/2021\/03\/Screen-Shot-2021-03-24-at-12.01.42-PM-700x295.png\" alt=\"\" class=\"wp-image-144\" width=\"422\" height=\"178\" srcset=\"https:\/\/galerierenegagnon.com\/wp-contenu\/uploads\/2021\/03\/Screen-Shot-2021-03-24-at-12.01.42-PM-700x295.png 700w, https:\/\/galerierenegagnon.com\/wp-contenu\/uploads\/2021\/03\/Screen-Shot-2021-03-24-at-12.01.42-PM-300x126.png 300w, https:\/\/galerierenegagnon.com\/wp-contenu\/uploads\/2021\/03\/Screen-Shot-2021-03-24-at-12.01.42-PM-768x323.png 768w, https:\/\/galerierenegagnon.com\/wp-contenu\/uploads\/2021\/03\/Screen-Shot-2021-03-24-at-12.01.42-PM.png 983w\" sizes=\"auto, (max-width: 422px) 100vw, 422px\" \/><\/figure><\/div>\n\n\n\n<div class=\"wp-block-image\"><figure class=\"alignright size-large is-resized\"><img loading=\"lazy\" decoding=\"async\" src=\"https:\/\/www.galerierenegagnon.com\/wp-content\/uploads\/2021\/03\/Jean_Dallaire_painting.jpg\" alt=\"\" class=\"wp-image-165\" width=\"341\" height=\"298\"\/><\/figure><\/div>\n\n\n\n<p><\/p>\n\n\n\n<p><\/p>\n\n\n\n<p><\/p>\n\n\n\n<p><\/p>\n\n\n\n<figure class=\"wp-block-image size-large\"><img loading=\"lazy\" decoding=\"async\" width=\"700\" height=\"55\" src=\"https:\/\/www.galerierenegagnon.com\/wp-content\/uploads\/2021\/05\/Screen-Shot-2021-05-03-at-1.30.44-PM-700x55.png\" alt=\"\" class=\"wp-image-217\" srcset=\"https:\/\/galerierenegagnon.com\/wp-contenu\/uploads\/2021\/05\/Screen-Shot-2021-05-03-at-1.30.44-PM-700x55.png 700w, https:\/\/galerierenegagnon.com\/wp-contenu\/uploads\/2021\/05\/Screen-Shot-2021-05-03-at-1.30.44-PM-300x23.png 300w, https:\/\/galerierenegagnon.com\/wp-contenu\/uploads\/2021\/05\/Screen-Shot-2021-05-03-at-1.30.44-PM-768x60.png 768w, https:\/\/galerierenegagnon.com\/wp-contenu\/uploads\/2021\/05\/Screen-Shot-2021-05-03-at-1.30.44-PM.png 844w\" sizes=\"auto, (max-width: 700px) 100vw, 700px\" \/><\/figure>\n\n\n\n<p><\/p>\n\n\n\n<p><\/p>\n\n\n\n<p><\/p>\n\n\n\n<p><\/p>\n\n\n\n<p><\/p>\n\n\n\n<p>Jean Dallaire (1916-1965)<\/p>\n\n\n\n<p>\u2018\u2019C\u2019\u00e9tait le plus grand dessinateur\u2026\u2019\u2019 selon Ren\u00e9 Gagnon<\/p>\n\n\n\n<p>En association avec les fils Dallaire, nous \u00e9ditons des s\u00e9rigraphies en 65 exemplaires (seulement) de ce grand ma\u00eetre.<\/p>\n\n\n\n<p>On a tent\u00e9 \u00e0 travers les temps de d\u00e9crire le style Dallaire\u2026on le dit fanfaron, morbide\u2026.cubisme et \u00e9th\u00e9r\u00e9. En fait Dallaire c\u2019est Dallaire, il est unique. Il s\u2019est promen\u00e9 un peut partout, dans tous les genres, mariant les styles.<\/p>\n\n\n\n<p>La base de son talent unique repose dans le dessin\u2026que ce soit ses simples \u00e9tudes de fusain, ses portraits jusqu\u2019aux \u00e9normes murales qu\u2019il a r\u00e9alis\u00e9, sa virtuosit\u00e9 et son imagination explosent sur tous les m\u00e9diums.<\/p>\n\n\n\n<p>\u00c0 toutes les \u00e9tapes de sa trop courte carri\u00e8re, il a fait fi des lignes de conduite et des critiques, il a toujours fait \u00e0 sa t\u00eate. Et c\u2019est tant mieux.<\/p>\n\n\n\n<p>Il nous a laiss\u00e9 une un catalogue d\u2019\u0153uvres que nous croyons immens\u00e9ment rayonnantes, color\u00e9e, pleine d\u2019humour et de sarcasme\u2026.nous adorons!!<\/p>\n\n\n\n<style id=\"bwg-style-0\">    #bwg_container1_0 #bwg_container2_0 .bwg-container-0.bwg-standard-thumbnails {      width: 1254px;              justify-content: center;        margin:0 auto !important;              background-color: rgba(255, 255, 255, 0.00);            padding-left: 4px;      padding-top: 4px;      max-width: 100%;            }        #bwg_container1_0 #bwg_container2_0 .bwg-container-0.bwg-standard-thumbnails .bwg-item {    justify-content: flex-start;      max-width: 250px;          }    #bwg_container1_0 #bwg_container2_0 .bwg-container-0.bwg-standard-thumbnails .bwg-item a {       margin-right: 4px;       margin-bottom: 4px;    }    #bwg_container1_0 #bwg_container2_0 .bwg-container-0.bwg-standard-thumbnails .bwg-item0 {      padding: 0px;            background-color:rgba(0,0,0, 0.30);      border: 0px none #CCCCCC;      opacity: 1.00;      border-radius: 0;      box-shadow: ;    }    #bwg_container1_0 #bwg_container2_0 .bwg-container-0.bwg-standard-thumbnails .bwg-item1 img {      max-height: none;      max-width: none;      padding: 0 !important;    }         @media only screen and (min-width: 480px) {\t\t#bwg_container1_0 #bwg_container2_0 .bwg-container-0.bwg-standard-thumbnails .bwg-item1 img {\t\t\t-webkit-transition: all .3s; transition: all .3s;\t\t}\t\t#bwg_container1_0 #bwg_container2_0 .bwg-container-0.bwg-standard-thumbnails .bwg-item1 img:hover {\t\t\t-ms-transform: scale(1.08);\t\t\t-webkit-transform: scale(1.08);\t\t\ttransform: scale(1.08);\t\t}\t\t\t\t.bwg-standard-thumbnails .bwg-zoom-effect .bwg-zoom-effect-overlay {\t\t\t\t\t\tbackground-color:rgba(0,0,0, 0.3);\t\t}\t\t.bwg-standard-thumbnails .bwg-zoom-effect:hover img {\t\t\t-ms-transform: scale(1.08);\t\t\t-webkit-transform: scale(1.08);\t\t\ttransform: scale(1.08);\t\t}\t\t      }\t    #bwg_container1_0 #bwg_container2_0 .bwg-container-0.bwg-standard-thumbnails .bwg-item1 {      padding-top: 56%;    }        #bwg_container1_0 #bwg_container2_0 .bwg-container-0.bwg-standard-thumbnails .bwg-title1 {      position: absolute;      top: 0;      z-index: 100;      width: 100%;      height: 100%;      display: flex;      justify-content: center;      align-content: center;      flex-direction: column;      opacity: 0;    }\t      #bwg_container1_0 #bwg_container2_0 .bwg-container-0.bwg-standard-thumbnails .bwg-title2,    #bwg_container1_0 #bwg_container2_0 .bwg-container-0.bwg-standard-thumbnails .bwg-ecommerce2 {      color: #FFFFFF;      font-family: Ubuntu;      font-size: 16px;      font-weight: bold;      padding: 2px;      text-shadow: ;      max-height: 100%;    }    #bwg_container1_0 #bwg_container2_0 .bwg-container-0.bwg-standard-thumbnails .bwg-thumb-description span {    color: #323A45;    font-family: Ubuntu;    font-size: 12px;    max-height: 100%;    word-wrap: break-word;    }    #bwg_container1_0 #bwg_container2_0 .bwg-container-0.bwg-standard-thumbnails .bwg-play-icon2 {      font-size: 32px;    }    #bwg_container1_0 #bwg_container2_0 .bwg-container-0.bwg-standard-thumbnails .bwg-ecommerce2 {      font-size: 19.2px;      color: #323A45;    }    <\/style>    <div id=\"bwg_container1_0\"         class=\"bwg_container bwg_thumbnail bwg_thumbnails \"         data-right-click-protection=\"0\"         data-bwg=\"0\"         data-scroll=\"0\"         data-gallery-type=\"thumbnails\"         data-gallery-view-type=\"thumbnails\"         data-current-url=\"\/index.php?rest_route=%2Fwp%2Fv2%2Fpages%2F76\"         data-lightbox-url=\"https:\/\/www.galerierenegagnon.com\/wp-admin\/admin-ajax.php?action=GalleryBox&#038;current_view=0&#038;gallery_id=4&#038;tag=0&#038;theme_id=1&#038;shortcode_id=8&#038;sort_by=order&#038;order_by=asc&#038;current_url=%2Findex.php%3Frest_route%3D%252Fwp%252Fv2%252Fpages%252F76\"         data-gallery-id=\"4\"         data-popup-width=\"800\"         data-popup-height=\"500\"         data-is-album=\"gallery\"         data-buttons-position=\"bottom\">      <div id=\"bwg_container2_0\">             <div id=\"ajax_loading_0\" class=\"bwg_loading_div_1\">      <div class=\"bwg_loading_div_2\">        <div class=\"bwg_loading_div_3\">          <div id=\"loading_div_0\" class=\"bwg_spider_ajax_loading\">          <\/div>        <\/div>      <\/div>    <\/div>            <form id=\"gal_front_form_0\"              class=\"bwg-hidden\"              method=\"post\"              action=\"#\"              data-current=\"0\"              data-shortcode-id=\"8\"              data-gallery-type=\"thumbnails\"              data-gallery-id=\"4\"              data-tag=\"0\"              data-album-id=\"0\"              data-theme-id=\"1\"              data-ajax-url=\"https:\/\/www.galerierenegagnon.com\/wp-admin\/admin-ajax.php?action=bwg_frontend_data\">          <div id=\"bwg_container3_0\" class=\"bwg-background bwg-background-0\">                <div data-max-count=\"5\"         data-thumbnail-width=\"250\"         data-bwg=\"0\"         data-gallery-id=\"4\"         data-lightbox-url=\"https:\/\/www.galerierenegagnon.com\/wp-admin\/admin-ajax.php?action=GalleryBox&amp;current_view=0&amp;gallery_id=4&amp;tag=0&amp;theme_id=1&amp;shortcode_id=8&amp;sort_by=order&amp;order_by=asc&amp;current_url=%2Findex.php%3Frest_route%3D%252Fwp%252Fv2%252Fpages%252F76\"         id=\"bwg_thumbnails_0\"         class=\"bwg-container-0 bwg-thumbnails bwg-standard-thumbnails bwg-container bwg-border-box\">            <div class=\"bwg-item\">        <a class=\"bwg-a  bwg_lightbox\"  data-image-id=\"58\" href=\"https:\/\/galerierenegagnon.com\/wp-contenu\/uploads\/photo-gallery\/Screen_Shot_2021-05-03_at_1.43.56_PM.png?bwg=1620063998\" data-elementor-open-lightbox=\"no\">                <div class=\"bwg-item0 \">          <div class=\"bwg-item1 bwg-zoom-effect\">            <div class=\"bwg-item2\">              <img decoding=\"async\" class=\"skip-lazy bwg_standart_thumb_img_0 \"                   data-id=\"58\"                   data-width=\"500\"                   data-height=\"176\"                   data-src=\"https:\/\/galerierenegagnon.com\/wp-contenu\/uploads\/photo-gallery\/thumb\/Screen_Shot_2021-05-03_at_1.43.56_PM.png?bwg=1620063998\"                   src=\"https:\/\/galerierenegagnon.com\/wp-contenu\/uploads\/photo-gallery\/thumb\/Screen_Shot_2021-05-03_at_1.43.56_PM.png?bwg=1620063998\"                   alt=\"Dallaire-Poissons12x24\"                   title=\"Dallaire-Poissons12x24\" \/>            <\/div>            <div class=\"bwg-zoom-effect-overlay\">              <div class=\"bwg-title1\"><div class=\"bwg-title2\">Dallaire-Poissons12x24<\/div><\/div>                                        <\/div>          <\/div>        <\/div>                        <\/a>              <\/div>            <div class=\"bwg-item\">        <a class=\"bwg-a  bwg_lightbox\"  data-image-id=\"44\" href=\"https:\/\/galerierenegagnon.com\/wp-contenu\/uploads\/photo-gallery\/Dallaire-Tout_en_mouvement_20x18.png?bwg=1616682712\" data-elementor-open-lightbox=\"no\">                <div class=\"bwg-item0 \">          <div class=\"bwg-item1 bwg-zoom-effect\">            <div class=\"bwg-item2\">              <img decoding=\"async\" class=\"skip-lazy bwg_standart_thumb_img_0 \"                   data-id=\"44\"                   data-width=\"500\"                   data-height=\"411\"                   data-src=\"https:\/\/galerierenegagnon.com\/wp-contenu\/uploads\/photo-gallery\/thumb\/Dallaire-Tout_en_mouvement_20x18.png?bwg=1616682712\"                   src=\"https:\/\/galerierenegagnon.com\/wp-contenu\/uploads\/photo-gallery\/thumb\/Dallaire-Tout_en_mouvement_20x18.png?bwg=1616682712\"                   alt=\"Dallaire-Tout en mouvement 20x18\"                   title=\"Dallaire-Tout en mouvement 20x18\" \/>            <\/div>            <div class=\"bwg-zoom-effect-overlay\">              <div class=\"bwg-title1\"><div class=\"bwg-title2\">Dallaire-Tout en mouvement 20x18<\/div><\/div>                                        <\/div>          <\/div>        <\/div>                        <\/a>              <\/div>            <div class=\"bwg-item\">        <a class=\"bwg-a  bwg_lightbox\"  data-image-id=\"43\" href=\"https:\/\/galerierenegagnon.com\/wp-contenu\/uploads\/photo-gallery\/Dallaire-Violoncelliste_17x20.png?bwg=1616682712\" data-elementor-open-lightbox=\"no\">                <div class=\"bwg-item0 \">          <div class=\"bwg-item1 bwg-zoom-effect\">            <div class=\"bwg-item2\">              <img decoding=\"async\" class=\"skip-lazy bwg_standart_thumb_img_0 \"                   data-id=\"43\"                   data-width=\"299\"                   data-height=\"500\"                   data-src=\"https:\/\/galerierenegagnon.com\/wp-contenu\/uploads\/photo-gallery\/thumb\/Dallaire-Violoncelliste_17x20.png?bwg=1616682712\"                   src=\"https:\/\/galerierenegagnon.com\/wp-contenu\/uploads\/photo-gallery\/thumb\/Dallaire-Violoncelliste_17x20.png?bwg=1616682712\"                   alt=\"Dallaire-Violoncelliste 17x20\"                   title=\"Dallaire-Violoncelliste 17x20\" \/>            <\/div>            <div class=\"bwg-zoom-effect-overlay\">              <div class=\"bwg-title1\"><div class=\"bwg-title2\">Dallaire-Violoncelliste 17x20<\/div><\/div>                                        <\/div>          <\/div>        <\/div>                        <\/a>              <\/div>            <div class=\"bwg-item\">        <a class=\"bwg-a  bwg_lightbox\"  data-image-id=\"42\" href=\"https:\/\/galerierenegagnon.com\/wp-contenu\/uploads\/photo-gallery\/Dallaire-The_Pilgrim_King_12_3:8x18_1:2.png?bwg=1616682712\" data-elementor-open-lightbox=\"no\">                <div class=\"bwg-item0 \">          <div class=\"bwg-item1 bwg-zoom-effect\">            <div class=\"bwg-item2\">              <img decoding=\"async\" class=\"skip-lazy bwg_standart_thumb_img_0 \"                   data-id=\"42\"                   data-width=\"334\"                   data-height=\"500\"                   data-src=\"https:\/\/galerierenegagnon.com\/wp-contenu\/uploads\/photo-gallery\/thumb\/Dallaire-The_Pilgrim_King_12_3:8x18_1:2.png?bwg=1616682712\"                   src=\"https:\/\/galerierenegagnon.com\/wp-contenu\/uploads\/photo-gallery\/thumb\/Dallaire-The_Pilgrim_King_12_3:8x18_1:2.png?bwg=1616682712\"                   alt=\"Dallaire-The Pilgrim King 12 3:8x18 1:2\"                   title=\"Dallaire-The Pilgrim King 12 3:8x18 1:2\" \/>            <\/div>            <div class=\"bwg-zoom-effect-overlay\">              <div class=\"bwg-title1\"><div class=\"bwg-title2\">Dallaire-The Pilgrim King 12 3:8x18 1:2<\/div><\/div>                                        <\/div>          <\/div>        <\/div>                        <\/a>              <\/div>          <\/div>    <style>      \/*pagination styles*\/      #bwg_container1_0 #bwg_container2_0 .tablenav-pages_0 {\t\t\t\ttext-align: center;\t\t\t\tfont-size: 12px;\t\t\t\tfont-family: Ubuntu;\t\t\t\tfont-weight: bold;\t\t\t\tcolor: #666666;\t\t\t\tmargin: 6px 0 4px;\t\t\t\tdisplay: block;      }      @media only screen and (max-width : 320px) {      #bwg_container1_0 #bwg_container2_0 .displaying-num_0 {     \t display: none;      }      }      #bwg_container1_0 #bwg_container2_0 .displaying-num_0 {\t\t\t\tfont-size: 12px;\t\t\t\tfont-family: Ubuntu;\t\t\t\tfont-weight: bold;\t\t\t\tcolor: #666666;\t\t\t\tmargin-right: 10px;\t\t\t\tvertical-align: middle;      }      #bwg_container1_0 #bwg_container2_0 .paging-input_0 {\t\t\t\tfont-size: 12px;\t\t\t\tfont-family: Ubuntu;\t\t\t\tfont-weight: bold;\t\t\t\tcolor: #666666;\t\t\t\tvertical-align: middle;      }      #bwg_container1_0 #bwg_container2_0 .tablenav-pages_0 a.disabled,      #bwg_container1_0 #bwg_container2_0 .tablenav-pages_0 a.disabled:hover,      #bwg_container1_0 #bwg_container2_0 .tablenav-pages_0 a.disabled:focus,\t\t\t#bwg_container1_0 #bwg_container2_0 .tablenav-pages_0 input.bwg_current_page {\t\t\t\tcursor: default;\t\t\t\tcolor: rgba(102, 102, 102, 0.5);      }      #bwg_container1_0 #bwg_container2_0 .tablenav-pages_0 a,      #bwg_container1_0 #bwg_container2_0 .tablenav-pages_0 input.bwg_current_page {\t\t\t\tcursor: pointer;\t\t\t\ttext-align: center;\t\t\t\tfont-size: 12px;\t\t\t\tfont-family: Ubuntu;\t\t\t\tfont-weight: bold;\t\t\t\tcolor: #666666;\t\t\t\ttext-decoration: none;\t\t\t\tpadding: 3px 6px;\t\t\t\tmargin: 0;\t\t\t\tborder-radius: 0;\t\t\t\tborder-style: solid;\t\t\t\tborder-width: 1px;\t\t\t\tborder-color: #E3E3E3;\t\t\t\t\t\t\t\tbackground-color: rgba(255, 255, 255, 1.00);\t\t\t\tbox-shadow: 0;\t\t\t\ttransition: all 0.3s ease 0s;-webkit-transition: all 0.3s ease 0s;      }      <\/style>      <span class=\"bwg_nav_cont_0\">              <div class=\"tablenav-pages_0\">                  <\/div>                <input type=\"hidden\" id=\"page_number_0\" name=\"page_number_0\" value=\"1\" \/>      <script type=\"text\/javascript\">        if( jQuery('.bwg_nav_cont_0').length > 1 ) {          jQuery('.bwg_nav_cont_0').first().remove()        }        function spider_page_0(cur, x, y, load_more) {          if (typeof load_more == \"undefined\") {            var load_more = false;          }          if (jQuery(cur).hasClass('disabled')) {            return false;          }          var items_county_0 = 1;          switch (y) {            case 1:              if (x >= items_county_0) {                document.getElementById('page_number_0').value = items_county_0;              }              else {                document.getElementById('page_number_0').value = x + 1;              }              break;            case 2:              document.getElementById('page_number_0').value = items_county_0;              break;            case -1:              if (x == 1) {                document.getElementById('page_number_0').value = 1;              }              else {                document.getElementById('page_number_0').value = x - 1;              }              break;            case -2:              document.getElementById('page_number_0').value = 1;              break;\t\t\t\t\t\tcase 0:              document.getElementById('page_number_0').value = x;              break;            default:              document.getElementById('page_number_0').value = 1;          }          bwg_ajax('gal_front_form_0', '0', 'bwg_thumbnails_0', '0', '', 'gallery', 0, '', '', load_more, '', 1);        }                    jQuery('.first-page-0').on('click', function () {              spider_page_0(this, 1, -2, 'numeric');              return false;            });            jQuery('.prev-page-0').on('click', function () {              spider_page_0(this, 1, -1, 'numeric');              return false;            });            jQuery('.next-page-0').on('click', function () {              spider_page_0(this, 1, 1, 'numeric');              return false;            });            jQuery('.last-page-0').on('click', function () {              spider_page_0(this, 1, 2, 'numeric');              return false;            });        \t\t\t\t\/* Change page on input enter. *\/        function bwg_change_page_0( e, that ) {          if (  e.key == 'Enter' ) {            var to_page = parseInt(jQuery(that).val());            var pages_count = jQuery(that).parents(\".pagination-links\").data(\"pages-count\");            var current_url_param = jQuery(that).attr('data-url-info');            if (to_page > pages_count) {              to_page = 1;            }\t \t\t\t\t\t\t\t\t\t\t\t\tspider_page_0(this, to_page, 0, 'numeric');\t\t\t\t\t\t\treturn false;\t\t\t\t\t\t          }          return true;        }        jQuery('.bwg_load_btn_0').on('click', function () {            spider_page_0(this, 1, 1, true);            return false;        });      <\/script>      <\/span>                <\/div>        <\/form>        <style>          #bwg_container1_0 #bwg_container2_0 #spider_popup_overlay_0 {          background-color: #EEEEEE;          opacity: 0.60;          }          <\/style>        <div id=\"bwg_spider_popup_loading_0\" class=\"bwg_spider_popup_loading\"><\/div>        <div id=\"spider_popup_overlay_0\" class=\"spider_popup_overlay\" onclick=\"spider_destroypopup(1000)\"><\/div>        <input type=\"hidden\" id=\"bwg_random_seed_0\" value=\"1592591602\">                <\/div>    <\/div>    <script>      if (document.readyState === 'complete') {        if( typeof bwg_main_ready == 'function' ) {          if ( jQuery(\"#bwg_container1_0\").height() ) {            bwg_main_ready(jQuery(\"#bwg_container1_0\"));          }        }      } else {        document.addEventListener('DOMContentLoaded', function() {          if( typeof bwg_main_ready == 'function' ) {            if ( jQuery(\"#bwg_container1_0\").height() ) {             bwg_main_ready(jQuery(\"#bwg_container1_0\"));            }          }        });      }    <\/script>    \n","protected":false},"excerpt":{"rendered":"<p>Jean Dallaire (1916-1965) \u2018\u2019C\u2019\u00e9tait le plus grand dessinateur\u2026\u2019\u2019 selon Ren\u00e9 Gagnon En association avec les fils Dallaire, nous \u00e9ditons des s\u00e9rigraphies en 65 exemplaires (seulement) de ce grand ma\u00eetre. On a tent\u00e9 \u00e0 travers les temps de d\u00e9crire le style Dallaire\u2026on le dit fanfaron, morbide\u2026.cubisme et \u00e9th\u00e9r\u00e9. En fait Dallaire c\u2019est Dallaire, il est unique. Il s\u2019est promen\u00e9 un peut partout, dans tous les genres, mariant les styles. La base de son talent unique repose dans le dessin\u2026que ce soit ses simples \u00e9tudes de fusain, ses portraits jusqu\u2019aux \u00e9normes murales qu\u2019il a r\u00e9alis\u00e9, sa virtuosit\u00e9 et son imagination explosent sur tous les m\u00e9diums. \u00c0 toutes les \u00e9tapes de sa trop courte carri\u00e8re, il a fait fi des lignes de conduite et des critiques, il a toujours fait \u00e0 sa t\u00eate. Et c\u2019est tant mieux. Il nous a laiss\u00e9 une un catalogue d\u2019\u0153uvres que nous croyons immens\u00e9ment rayonnantes, color\u00e9e, pleine d\u2019humour et de sarcasme\u2026.nous adorons!!<\/p>\n","protected":false},"author":1,"featured_media":0,"parent":0,"menu_order":0,"comment_status":"closed","ping_status":"closed","template":"","meta":{"footnotes":""},"class_list":["post-76","page","type-page","status-publish","hentry"],"_links":{"self":[{"href":"https:\/\/www.galerierenegagnon.com\/index.php?rest_route=\/wp\/v2\/pages\/76","targetHints":{"allow":["GET"]}}],"collection":[{"href":"https:\/\/www.galerierenegagnon.com\/index.php?rest_route=\/wp\/v2\/pages"}],"about":[{"href":"https:\/\/www.galerierenegagnon.com\/index.php?rest_route=\/wp\/v2\/types\/page"}],"author":[{"embeddable":true,"href":"https:\/\/www.galerierenegagnon.com\/index.php?rest_route=\/wp\/v2\/users\/1"}],"replies":[{"embeddable":true,"href":"https:\/\/www.galerierenegagnon.com\/index.php?rest_route=%2Fwp%2Fv2%2Fcomments&post=76"}],"version-history":[{"count":16,"href":"https:\/\/www.galerierenegagnon.com\/index.php?rest_route=\/wp\/v2\/pages\/76\/revisions"}],"predecessor-version":[{"id":218,"href":"https:\/\/www.galerierenegagnon.com\/index.php?rest_route=\/wp\/v2\/pages\/76\/revisions\/218"}],"wp:attachment":[{"href":"https:\/\/www.galerierenegagnon.com\/index.php?rest_route=%2Fwp%2Fv2%2Fmedia&parent=76"}],"curies":[{"name":"wp","href":"https:\/\/api.w.org\/{rel}","templated":true}]}}