{"id":250,"date":"2022-01-22T18:01:12","date_gmt":"2022-01-22T18:01:12","guid":{"rendered":"https:\/\/www.galerierenegagnon.com\/?page_id=250"},"modified":"2022-01-22T18:01:12","modified_gmt":"2022-01-22T18:01:12","slug":"rene-gagnon-1929-2022","status":"publish","type":"page","link":"https:\/\/www.galerierenegagnon.com\/?page_id=250","title":{"rendered":"Ren\u00e9 Gagnon, 1929-2022"},"content":{"rendered":"\n<p>C\u2019est avec une immense tristesse que nous vous annon\u00e7ons le d\u00e9c\u00e8s ce matin de notre ami Ren\u00e9 Gagnon, apr\u00e8s une br\u00e8ve maladie. \u00c0 sa famille, ses nombreux amis et tous ceux et celles qui l\u2019ont aim\u00e9, nous offrons nos plus sinc\u00e8res condol\u00e9ances.<\/p>\n\n\n\n<figure class=\"wp-block-image size-large is-resized\"><img loading=\"lazy\" decoding=\"async\" src=\"https:\/\/www.galerierenegagnon.com\/wp-content\/uploads\/2022\/01\/carte-deces-rene-gagnon-700x400.jpg\" alt=\"\" class=\"wp-image-251\" width=\"800\" height=\"457\" srcset=\"https:\/\/galerierenegagnon.com\/wp-contenu\/uploads\/2022\/01\/carte-deces-rene-gagnon-700x400.jpg 700w, https:\/\/galerierenegagnon.com\/wp-contenu\/uploads\/2022\/01\/carte-deces-rene-gagnon-300x171.jpg 300w, https:\/\/galerierenegagnon.com\/wp-contenu\/uploads\/2022\/01\/carte-deces-rene-gagnon-768x439.jpg 768w, https:\/\/galerierenegagnon.com\/wp-contenu\/uploads\/2022\/01\/carte-deces-rene-gagnon-1536x877.jpg 1536w, https:\/\/galerierenegagnon.com\/wp-contenu\/uploads\/2022\/01\/carte-deces-rene-gagnon-2048x1169.jpg 2048w, https:\/\/galerierenegagnon.com\/wp-contenu\/uploads\/2022\/01\/carte-deces-rene-gagnon-1140x651.jpg 1140w\" sizes=\"auto, (max-width: 800px) 100vw, 800px\" \/><\/figure>\n","protected":false},"excerpt":{"rendered":"<p>C\u2019est avec une immense tristesse que nous vous annon\u00e7ons le d\u00e9c\u00e8s ce matin de notre ami Ren\u00e9 Gagnon, apr\u00e8s une br\u00e8ve maladie. \u00c0 sa famille, ses nombreux amis et tous ceux et celles qui l\u2019ont aim\u00e9, nous offrons nos plus sinc\u00e8res condol\u00e9ances.<\/p>\n","protected":false},"author":1,"featured_media":0,"parent":0,"menu_order":0,"comment_status":"closed","ping_status":"closed","template":"","meta":{"footnotes":""},"class_list":["post-250","page","type-page","status-publish","hentry"],"_links":{"self":[{"href":"https:\/\/www.galerierenegagnon.com\/index.php?rest_route=\/wp\/v2\/pages\/250","targetHints":{"allow":["GET"]}}],"collection":[{"href":"https:\/\/www.galerierenegagnon.com\/index.php?rest_route=\/wp\/v2\/pages"}],"about":[{"href":"https:\/\/www.galerierenegagnon.com\/index.php?rest_route=\/wp\/v2\/types\/page"}],"author":[{"embeddable":true,"href":"https:\/\/www.galerierenegagnon.com\/index.php?rest_route=\/wp\/v2\/users\/1"}],"replies":[{"embeddable":true,"href":"https:\/\/www.galerierenegagnon.com\/index.php?rest_route=%2Fwp%2Fv2%2Fcomments&post=250"}],"version-history":[{"count":1,"href":"https:\/\/www.galerierenegagnon.com\/index.php?rest_route=\/wp\/v2\/pages\/250\/revisions"}],"predecessor-version":[{"id":252,"href":"https:\/\/www.galerierenegagnon.com\/index.php?rest_route=\/wp\/v2\/pages\/250\/revisions\/252"}],"wp:attachment":[{"href":"https:\/\/www.galerierenegagnon.com\/index.php?rest_route=%2Fwp%2Fv2%2Fmedia&parent=250"}],"curies":[{"name":"wp","href":"https:\/\/api.w.org\/{rel}","templated":true}]}}