{"id":11,"date":"2021-03-15T18:47:58","date_gmt":"2021-03-15T18:47:58","guid":{"rendered":"https:\/\/www.galerierenegagnon.com\/?page_id=11"},"modified":"2021-05-03T17:23:26","modified_gmt":"2021-05-03T17:23:26","slug":"accueil","status":"publish","type":"page","link":"https:\/\/www.galerierenegagnon.com\/?page_id=11","title":{"rendered":"Mission"},"content":{"rendered":"\n<figure class=\"wp-block-image size-large\"><img decoding=\"async\" src=\"https:\/\/www.galerierenegagnon.com\/wp-content\/uploads\/2021\/03\/cropped-headerlonggagnon.png\" alt=\"\" class=\"wp-image-91\"\/><\/figure>\n\n\n\n<p><\/p>\n\n\n\n<p><\/p>\n\n\n\n<p>Il y a 5 ans, Ren\u00e9 Gagnon s\u2019offrait une vitrine \u00e0 Montr\u00e9al, lui qui n\u2019avait pas \u00e9t\u00e9 en Galerie \u00e0 Montr\u00e9al depuis 35 ans. C\u2019est avec un panache et succ\u00e8s que la Galerie a \u00e9volu\u00e9 pendant ces ann\u00e9es. Maintenant, apr\u00e8s une ann\u00e9e de pand\u00e9mie et \u00e0 93 ans, il passe le flambeau.<br><br>La Galerie Ren\u00e9 Gagnon poursuit sa route et va assurer la p\u00e9rennit\u00e9 de cette vitrine pour ce grand peintre Qu\u00e9b\u00e9cois.<br><br>Il y a aussi 5 ans, nous avons \u00e9dit\u00e9 une premi\u00e8re s\u00e9rigraphie (Beaut\u00e9 Nordique) afin de rendre encore plus accessible l\u2019\u0153uvre de l\u2019artiste. Depuis deux autres \u0153uvres ont \u00e9t\u00e9 produites et une quatri\u00e8me para\u00eetra sous peu.<br><br>Notre partenaire, <a href=\"https:\/\/www.papart.ca\/\">PAPART.ca<\/a>, exposera \u00e0 la Galerie les \u0153uvres s\u00e9rigraphiques de son catalogue. Jean Dallaire et Richard H\u00e9tu y sont maintenant pr\u00e9sent\u00e9s et de nouveaux artistes s\u2019ajouteront dans un futur assez rapproch\u00e9 \u00e0 cette liste.<br><br>L\u2019avenir de Galerie en ce moment de post-pand\u00e9mie, nous y croyons et on va s\u2019y investir pleinement.<br><br>Au plaisir de vous rencontrer en Galerie!<\/p>\n","protected":false},"excerpt":{"rendered":"<p>Il y a 5 ans, Ren\u00e9 Gagnon s\u2019offrait une vitrine \u00e0 Montr\u00e9al, lui qui n\u2019avait pas \u00e9t\u00e9 en Galerie \u00e0 Montr\u00e9al depuis 35 ans. C\u2019est avec un panache et succ\u00e8s que la Galerie a \u00e9volu\u00e9 pendant ces ann\u00e9es. Maintenant, apr\u00e8s une ann\u00e9e de pand\u00e9mie et \u00e0 93 ans, il passe le flambeau. La Galerie Ren\u00e9 Gagnon poursuit sa route et va assurer la p\u00e9rennit\u00e9 de cette vitrine pour ce grand peintre Qu\u00e9b\u00e9cois. Il y a aussi 5 ans, nous avons \u00e9dit\u00e9 une premi\u00e8re s\u00e9rigraphie (Beaut\u00e9 Nordique) afin de rendre encore plus accessible l\u2019\u0153uvre de l\u2019artiste. Depuis deux autres \u0153uvres ont \u00e9t\u00e9 produites et une quatri\u00e8me para\u00eetra sous peu. Notre partenaire, PAPART.ca, exposera \u00e0 la Galerie les \u0153uvres s\u00e9rigraphiques de son catalogue. Jean Dallaire et Richard H\u00e9tu y sont maintenant pr\u00e9sent\u00e9s et de nouveaux artistes s\u2019ajouteront dans un futur assez rapproch\u00e9 \u00e0 cette liste. L\u2019avenir de Galerie en ce moment de post-pand\u00e9mie, nous y croyons et on va s\u2019y investir pleinement. Au plaisir de vous rencontrer en Galerie!<\/p>\n","protected":false},"author":1,"featured_media":0,"parent":0,"menu_order":0,"comment_status":"closed","ping_status":"closed","template":"","meta":{"footnotes":""},"class_list":["post-11","page","type-page","status-publish","hentry"],"_links":{"self":[{"href":"https:\/\/www.galerierenegagnon.com\/index.php?rest_route=\/wp\/v2\/pages\/11","targetHints":{"allow":["GET"]}}],"collection":[{"href":"https:\/\/www.galerierenegagnon.com\/index.php?rest_route=\/wp\/v2\/pages"}],"about":[{"href":"https:\/\/www.galerierenegagnon.com\/index.php?rest_route=\/wp\/v2\/types\/page"}],"author":[{"embeddable":true,"href":"https:\/\/www.galerierenegagnon.com\/index.php?rest_route=\/wp\/v2\/users\/1"}],"replies":[{"embeddable":true,"href":"https:\/\/www.galerierenegagnon.com\/index.php?rest_route=%2Fwp%2Fv2%2Fcomments&post=11"}],"version-history":[{"count":7,"href":"https:\/\/www.galerierenegagnon.com\/index.php?rest_route=\/wp\/v2\/pages\/11\/revisions"}],"predecessor-version":[{"id":205,"href":"https:\/\/www.galerierenegagnon.com\/index.php?rest_route=\/wp\/v2\/pages\/11\/revisions\/205"}],"wp:attachment":[{"href":"https:\/\/www.galerierenegagnon.com\/index.php?rest_route=%2Fwp%2Fv2%2Fmedia&parent=11"}],"curies":[{"name":"wp","href":"https:\/\/api.w.org\/{rel}","templated":true}]}}