{"id":102,"date":"2021-03-15T20:58:02","date_gmt":"2021-03-15T20:58:02","guid":{"rendered":"https:\/\/www.galerierenegagnon.com\/?page_id=102"},"modified":"2022-09-15T15:29:16","modified_gmt":"2022-09-15T15:29:16","slug":"contact-2","status":"publish","type":"page","link":"https:\/\/www.galerierenegagnon.com\/?page_id=102","title":{"rendered":"Contact"},"content":{"rendered":"\n<figure class=\"wp-block-image size-large\"><img loading=\"lazy\" decoding=\"async\" width=\"848\" height=\"99\" src=\"https:\/\/www.galerierenegagnon.com\/wp-content\/uploads\/2021\/03\/cropped-headerlonggagnon-e1615838988322.png\" alt=\"\" class=\"wp-image-91\" srcset=\"https:\/\/galerierenegagnon.com\/wp-contenu\/uploads\/2021\/03\/cropped-headerlonggagnon-e1615838988322.png 848w, https:\/\/galerierenegagnon.com\/wp-contenu\/uploads\/2021\/03\/cropped-headerlonggagnon-e1615838988322-300x35.png 300w, https:\/\/galerierenegagnon.com\/wp-contenu\/uploads\/2021\/03\/cropped-headerlonggagnon-e1615838988322-768x90.png 768w\" sizes=\"auto, (max-width: 848px) 100vw, 848px\" \/><\/figure>\n\n\n\n<div class=\"wp-block-webfactory-map\"><div class=\"wp-block-webfactory-map\"><iframe loading=\"lazy\" width=\"100%\" height=\"300px\" src=\"https:\/\/www.google.com\/maps\/embed\/v1\/place?q=203%20Notre%20Dame%20ouest%2C%20Montr%C3%A9al%2C%20Qu%C3%A9bec%20H2Y%201T4&amp;maptype=roadmap&amp;zoom=10&amp;key=AIzaSyAjyDspiPfzEfjRSS5fQzm-3jHFjHxeXB4\" frameborder=\"0\"><\/iframe><\/div><\/div>\n\n\n\n<figure class=\"wp-block-pullquote\"><blockquote><p>203 Notre Dame ouest, Montr\u00e9al, Qu\u00e9bec H2Y 1T4<br>514-889-6939<\/p><cite>Pour nous \u00e9crire ou pour nous demander de vous ajouter sur notre liste d&rsquo;envoi et de nouvelles, cliquez sur l&rsquo;adresse ci-dessous.<\/cite><\/blockquote><\/figure>\n\n\n\n<p class=\"has-text-align-center\"><a href=\"mailto:info@galerierenegagnon.com\"><strong>info@galerierenegagnon.com<\/strong><\/a><\/p>\n","protected":false},"excerpt":{"rendered":"<p>203 Notre Dame ouest, Montr\u00e9al, Qu\u00e9bec H2Y 1T4514-889-6939 Pour nous \u00e9crire ou pour nous demander de vous ajouter sur notre liste d&rsquo;envoi et de nouvelles, cliquez sur l&rsquo;adresse ci-dessous. info@galerierenegagnon.com<\/p>\n","protected":false},"author":1,"featured_media":0,"parent":0,"menu_order":0,"comment_status":"closed","ping_status":"closed","template":"","meta":{"footnotes":""},"class_list":["post-102","page","type-page","status-publish","hentry"],"_links":{"self":[{"href":"https:\/\/www.galerierenegagnon.com\/index.php?rest_route=\/wp\/v2\/pages\/102","targetHints":{"allow":["GET"]}}],"collection":[{"href":"https:\/\/www.galerierenegagnon.com\/index.php?rest_route=\/wp\/v2\/pages"}],"about":[{"href":"https:\/\/www.galerierenegagnon.com\/index.php?rest_route=\/wp\/v2\/types\/page"}],"author":[{"embeddable":true,"href":"https:\/\/www.galerierenegagnon.com\/index.php?rest_route=\/wp\/v2\/users\/1"}],"replies":[{"embeddable":true,"href":"https:\/\/www.galerierenegagnon.com\/index.php?rest_route=%2Fwp%2Fv2%2Fcomments&post=102"}],"version-history":[{"count":16,"href":"https:\/\/www.galerierenegagnon.com\/index.php?rest_route=\/wp\/v2\/pages\/102\/revisions"}],"predecessor-version":[{"id":273,"href":"https:\/\/www.galerierenegagnon.com\/index.php?rest_route=\/wp\/v2\/pages\/102\/revisions\/273"}],"wp:attachment":[{"href":"https:\/\/www.galerierenegagnon.com\/index.php?rest_route=%2Fwp%2Fv2%2Fmedia&parent=102"}],"curies":[{"name":"wp","href":"https:\/\/api.w.org\/{rel}","templated":true}]}}